{"id":2099,"date":"2022-08-10T11:48:59","date_gmt":"2022-08-10T11:48:59","guid":{"rendered":"https:\/\/thegenius.co\/wp\/finlon\/live\/?page_id=2099"},"modified":"2025-10-09T12:48:58","modified_gmt":"2025-10-09T10:48:58","slug":"qui-somme-nous","status":"publish","type":"page","link":"https:\/\/diac-group.com\/index.php\/qui-somme-nous\/","title":{"rendered":"Qui somme nous?"},"content":{"rendered":"\t\t<div data-elementor-type=\"wp-page\" data-elementor-id=\"2099\" class=\"elementor elementor-2099\">\n\t\t\t\t\t\t<section class=\"elementor-section elementor-top-section elementor-element elementor-element-c7b198d finlon-column-stretched-none elementor-section-boxed elementor-section-height-default elementor-section-height-default\" data-id=\"c7b198d\" data-element_type=\"section\">\n\t\t\t\t\t\t<div class=\"elementor-container elementor-column-gap-default\">\n\t\t\t\t\t<div class=\"elementor-column elementor-col-50 elementor-top-column elementor-element elementor-element-6b17e6d\" data-id=\"6b17e6d\" data-element_type=\"column\">\n\t\t\t<div class=\"elementor-widget-wrap elementor-element-populated\">\n\t\t\t\t\t\t<div class=\"elementor-element elementor-element-b6b5e93 elementor-widget elementor-widget-finlon_image_box\" data-id=\"b6b5e93\" data-element_type=\"widget\" data-widget_type=\"finlon_image_box.default\">\n\t\t\t\t<div class=\"elementor-widget-container\">\n\t\t\t\t\t\t\t<div class=\"about-four__image image-style-2 clearfix\">\r\n\t\t\t<div class=\"about-four__image-inner  \">\r\n\t\t\t\t<img decoding=\"async\" src=\"https:\/\/thegenius.co\/wp\/finlon\/live\/wp-content\/uploads\/2022\/07\/about-5-1.png\" alt=\"\">\r\n\t\t\t\t\t\t\t\t\t\t\t\t\t\t\t<div class=\"about-five__image__caption image-caption caption-left\">\r\n\t\t\t\t\t\t\t<div class=\"about-five__image__caption__shape-1\"><\/div>\r\n\t\t\t\t\t\t\t<!-- \/.about-five__image__caption__shape-1 -->\r\n\t\t\t\t\t\t\t<div class=\"about-five__image__caption__shape-2\"><\/div>\r\n\t\t\t\t\t\t\t<!-- \/.about-five__image__caption__shape-2 -->\r\n\t\t\t\t\t\t\t<div class=\"about-five__image__caption__shape-3\"><\/div>\r\n\t\t\t\t\t\t\t<!-- \/.about-five__image__caption__shape-3 -->\r\n\t\t\t\t\t\t\t<h3 class=\"about-five__image__title\">\r\n\t\t\t\t\t\t\t\t25<span>+<\/span>\t\t\t\t\t\t\t<\/h3><!-- \/.about-five__image__title -->\r\n\t\t\t\t\t\t\t\t\t\t\t\t\t\t\t<p class=\"about-five__image__text\">Years Experiance<\/p>\r\n\t\t\t\t\t\t\t<!-- \/.about-five__image__text -->\r\n\t\t\t\t\t\t<\/div>\r\n\t\t\t\t\t\t\t\t\t\t\t\t\t\t\t\t\t\t\t\t\t\t\t\t\t\t<div class=\"about-four__image__floated\">Finlon<\/div>\r\n\t\t\t\t\t\t\t<\/div>\r\n\t\t<\/div>\r\n\t\t\t\t\t<\/div>\n\t\t\t\t<\/div>\n\t\t\t\t\t<\/div>\n\t\t<\/div>\n\t\t\t\t<div class=\"elementor-column elementor-col-50 elementor-top-column elementor-element elementor-element-0b8697f\" data-id=\"0b8697f\" data-element_type=\"column\">\n\t\t\t<div class=\"elementor-widget-wrap elementor-element-populated\">\n\t\t\t\t\t\t<div class=\"elementor-element elementor-element-4464fbf elementor-widget elementor-widget-finlon_floating_image_widget\" data-id=\"4464fbf\" data-element_type=\"widget\" data-widget_type=\"finlon_floating_image_widget.default\">\n\t\t\t\t<div class=\"elementor-widget-container\">\n\t\t\t\t\t\t\t\t<div class=\"floating-img-box\">\r\n\t\t\t\t<img decoding=\"async\" src=\"https:\/\/thegenius.co\/wp\/finlon\/live\/wp-content\/uploads\/2022\/07\/about-5-s-2.png\" class=\"floating-image\" alt=\"\" style=\"animation-name: bubbleMover;animation-duration: 5s;\">\r\n\t\t\t<\/div>\r\n\t\t\t\t\t\t<\/div>\n\t\t\t\t<\/div>\n\t\t\t\t<div class=\"elementor-element elementor-element-f9e7736 elementor-widget elementor-widget-finlon_title\" data-id=\"f9e7736\" data-element_type=\"widget\" data-widget_type=\"finlon_title.default\">\n\t\t\t\t<div class=\"elementor-widget-container\">\n\t\t\t\t\t\t\t<div class=\"block-title-wrapper\">\r\n\t\t\t<div class=\"block-title\">\r\n\t\t\t\t\t\t\t\t\t\t\t\t\t\t\t\t\t<h3 class=\"block-title__subtitle\">Qui somme nous?<\/h3>\r\n\t\t\t\t\t\t\t<\/div>\r\n\t\t\t\t\t\t\t<div class=\"block-title__desc\"><p><span style=\"vertical-align: inherit\"><span style=\"vertical-align: inherit\">Face \u00e0 la recrudescence des refus de cr\u00e9dits aux m\u00e9nages fran\u00e7ais ayant les capacit\u00e9s de rembourser leur emprunt,\u00a0<strong> Diac Group<\/strong><\/span><\/span><strong><span style=\"vertical-align: inherit\"><span style=\"vertical-align: inherit\">\u00a0<\/span><\/span><\/strong><span style=\"vertical-align: inherit\"><span style=\"vertical-align: inherit\"> propose une gamme compl\u00e8te de cr\u00e9dits adapt\u00e9s aux personnes dans le besoin. Faisant ainsi du cr\u00e9dit aux particuliers notre m\u00e9tier, nous mettons \u00e0 la disposition de nos clients un savoir-faire particulier, alliant comp\u00e9tences bancaires et qualit\u00e9s humaines (\u00e9coute, compr\u00e9hension).<\/span><\/span><\/p><p><span style=\"vertical-align: inherit\"><span style=\"vertical-align: inherit\"><strong>Diac Group<\/strong> fait aujourd'hui partie des meilleurs dans le domaine des cr\u00e9dits aux particuliers 100% ind\u00e9pendant. Une position qui nous permet de vous offrir les meilleures conditions d'emprunt possibles, et de vous fournir un service haut de gamme. Plus de 7000 clients satisfaits, et une couverture nationale qui s'\u00e9tend chaque jour.<\/span><\/span><\/p><p><strong><span style=\"vertical-align: inherit\"><span style=\"vertical-align: inherit\">Diac Group <\/span><\/span><\/strong><span style=\"vertical-align: inherit\"><span style=\"vertical-align: inherit\">: une institution de r\u00e9f\u00e9rence dans le domaine du cr\u00e9dit aux particuliers\/professionnels.<\/span><\/span><\/p><\/div>\r\n\t\t\t\t\t<\/div>\r\n\t\t\t\t\t<\/div>\n\t\t\t\t<\/div>\n\t\t\t\t<div class=\"elementor-element elementor-element-0e5d436 about-five elementor-widget elementor-widget-finlon_progress_bar\" data-id=\"0e5d436\" data-element_type=\"widget\" data-widget_type=\"finlon_progress_bar.default\">\n\t\t\t\t<div class=\"elementor-widget-container\">\n\t\t\t\t\t\t\t<div class=\"team-progress__item\">\r\n\t\t\t\t\t\t\t<h4 class=\"team-progress__title\">Plan d&#039;investissement<\/h4>\r\n\t\t\t\t\t\t<div class=\"team-progress__bar\">\r\n\t\t\t\t<div class=\"team-progress__bar__inner count-bar\" data-percent=\"77%\">\r\n\t\t\t\t\t<div class=\"team-progress__bar__text count-text\">77%<\/div>\r\n\t\t\t\t<\/div>\r\n\t\t\t<\/div>\r\n\t\t<\/div>\r\n\t\t\t\t<div class=\"team-progress__item\">\r\n\t\t\t\t\t\t\t<h4 class=\"team-progress__title\">Exp\u00e9rience de conseil<\/h4>\r\n\t\t\t\t\t\t<div class=\"team-progress__bar\">\r\n\t\t\t\t<div class=\"team-progress__bar__inner count-bar\" data-percent=\"68%\">\r\n\t\t\t\t\t<div class=\"team-progress__bar__text count-text\">68%<\/div>\r\n\t\t\t\t<\/div>\r\n\t\t\t<\/div>\r\n\t\t<\/div>\r\n\t\t\t\t<script type=\"text\/javascript\">\r\n\t\t\tjQuery( function( $ ) {\r\n\t\t\t\t\"use strict\";\r\n\t\t\t\tif ($(\".count-bar\").length) {\r\n\t\t\t\t\t$(\".count-bar\").appear(\r\n\t\t\t\t\t\tfunction () {\r\n\t\t\t\t\t\t\tvar el = $(this);\r\n\t\t\t\t\t\t\tvar percent = el.data(\"percent\");\r\n\t\t\t\t\t\t\t$(el).css(\"width\", percent).addClass(\"counted\");\r\n\t\t\t\t\t\t},\r\n\t\t\t\t\t\t{\r\n\t\t\t\t\t\t\taccY: -50\r\n\t\t\t\t\t\t}\r\n\t\t\t\t\t);\r\n\t\t\t\t}\r\n\t\t\t} );\r\n\t\t<\/script>\r\n\t\t\t\t\t<\/div>\n\t\t\t\t<\/div>\n\t\t\t\t\t<\/div>\n\t\t<\/div>\n\t\t\t\t\t<\/div>\n\t\t<\/section>\n\t\t\t\t<\/div>\n\t\t","protected":false},"excerpt":{"rendered":"<p>25+ Years Experiance Finlon Qui somme nous? Face \u00e0 la recrudescence des refus de cr\u00e9dits aux m\u00e9nages fran\u00e7ais ayant les capacit\u00e9s de rembourser leur emprunt,\u00a0 Diac Group\u00a0 propose une gamme compl\u00e8te de cr\u00e9dits adapt\u00e9s aux personnes dans le besoin. Faisant ainsi du cr\u00e9dit aux particuliers notre m\u00e9tier, nous mettons \u00e0 la disposition de nos clients [&hellip;]<\/p>\n","protected":false},"author":1,"featured_media":0,"parent":0,"menu_order":0,"comment_status":"closed","ping_status":"closed","template":"page-template\/full-width-page-template.php","meta":{"om_disable_all_campaigns":false,"_monsterinsights_skip_tracking":false,"_monsterinsights_sitenote_active":false,"_monsterinsights_sitenote_note":"","_monsterinsights_sitenote_category":0,"footnotes":""},"class_list":["post-2099","page","type-page","status-publish","hentry"],"aioseo_notices":[],"_hostinger_reach_plugin_has_subscription_block":false,"_hostinger_reach_plugin_is_elementor":false,"_links":{"self":[{"href":"https:\/\/diac-group.com\/index.php\/wp-json\/wp\/v2\/pages\/2099","targetHints":{"allow":["GET"]}}],"collection":[{"href":"https:\/\/diac-group.com\/index.php\/wp-json\/wp\/v2\/pages"}],"about":[{"href":"https:\/\/diac-group.com\/index.php\/wp-json\/wp\/v2\/types\/page"}],"author":[{"embeddable":true,"href":"https:\/\/diac-group.com\/index.php\/wp-json\/wp\/v2\/users\/1"}],"replies":[{"embeddable":true,"href":"https:\/\/diac-group.com\/index.php\/wp-json\/wp\/v2\/comments?post=2099"}],"version-history":[{"count":20,"href":"https:\/\/diac-group.com\/index.php\/wp-json\/wp\/v2\/pages\/2099\/revisions"}],"predecessor-version":[{"id":3838,"href":"https:\/\/diac-group.com\/index.php\/wp-json\/wp\/v2\/pages\/2099\/revisions\/3838"}],"wp:attachment":[{"href":"https:\/\/diac-group.com\/index.php\/wp-json\/wp\/v2\/media?parent=2099"}],"curies":[{"name":"wp","href":"https:\/\/api.w.org\/{rel}","templated":true}]}}